{"id":815,"date":"2013-08-11T19:22:53","date_gmt":"2013-08-11T19:22:53","guid":{"rendered":"https:\/\/jacked.sk\/kontakt\/"},"modified":"2026-02-12T13:51:21","modified_gmt":"2026-02-12T12:51:21","slug":"contact","status":"publish","type":"page","link":"https:\/\/jacked.sk\/en\/contact\/","title":{"rendered":"Contact"},"content":{"rendered":"\n<div class=\"row\"  id=\"row-1538986857\">\n\n\n\t<div id=\"col-1991043928\" class=\"col medium-10 large-10\"  >\n\t\t\t\t<div class=\"col-inner\"  >\n\t\t\t\n\t\t\t\n\n<div class=\"container section-title-container\" ><h3 class=\"section-title section-title-normal\"><b aria-hidden=\"true\"><\/b><span class=\"section-title-main\" >Write us a message<\/span><b aria-hidden=\"true\"><\/b><\/h3><\/div>\n\n\n<div class=\"wpcf7 no-js\" id=\"wpcf7-f6-o1\" lang=\"sk-SK\" dir=\"ltr\" data-wpcf7-id=\"6\">\n<div class=\"screen-reader-response\"><p role=\"status\" aria-live=\"polite\" aria-atomic=\"true\"><\/p> <ul><\/ul><\/div>\n<form action=\"\/en\/wp-json\/wp\/v2\/pages\/815#wpcf7-f6-o1\" method=\"post\" class=\"wpcf7-form init\" aria-label=\"Kontaktn\u00fd formul\u00e1r\" novalidate=\"novalidate\" data-status=\"init\">\n<fieldset class=\"hidden-fields-container\"><input type=\"hidden\" name=\"_wpcf7\" value=\"6\" \/><input type=\"hidden\" name=\"_wpcf7_version\" value=\"6.1.5\" \/><input type=\"hidden\" name=\"_wpcf7_locale\" value=\"sk_SK\" \/><input type=\"hidden\" name=\"_wpcf7_unit_tag\" value=\"wpcf7-f6-o1\" \/><input type=\"hidden\" name=\"_wpcf7_container_post\" value=\"0\" \/><input type=\"hidden\" name=\"_wpcf7_posted_data_hash\" value=\"\" \/>\n<\/fieldset>\n<p><label> Va\u0161e meno (povinn\u00e9)<br \/>\n<span class=\"wpcf7-form-control-wrap\" data-name=\"your-name\"><input size=\"40\" maxlength=\"400\" class=\"wpcf7-form-control wpcf7-text wpcf7-validates-as-required\" aria-required=\"true\" aria-invalid=\"false\" value=\"\" type=\"text\" name=\"your-name\" \/><\/span> <\/label>\n<\/p>\n<p><label> V\u00e1\u0161 email (povinn\u00e9)<br \/>\n<span class=\"wpcf7-form-control-wrap\" data-name=\"your-email\"><input size=\"40\" maxlength=\"400\" class=\"wpcf7-form-control wpcf7-email wpcf7-validates-as-required wpcf7-text wpcf7-validates-as-email\" aria-required=\"true\" aria-invalid=\"false\" value=\"\" type=\"email\" name=\"your-email\" \/><\/span> <\/label>\n<\/p>\n<p><label> Predmet<br \/>\n<span class=\"wpcf7-form-control-wrap\" data-name=\"your-subject\"><input size=\"40\" maxlength=\"400\" class=\"wpcf7-form-control wpcf7-text\" aria-invalid=\"false\" value=\"\" type=\"text\" name=\"your-subject\" \/><\/span> <\/label>\n<\/p>\n<p><label> Va\u0161a spr\u00e1va<br \/>\n<span class=\"wpcf7-form-control-wrap\" data-name=\"your-message\"><textarea cols=\"40\" rows=\"10\" maxlength=\"2000\" class=\"wpcf7-form-control wpcf7-textarea\" aria-invalid=\"false\" name=\"your-message\"><\/textarea><\/span> <\/label>\n<\/p>\n<p><label><span class=\"wpcf7-form-control-wrap\" data-name=\"checkbox-641\"><span class=\"wpcf7-form-control wpcf7-checkbox wpcf7-validates-as-required wpcf7-exclusive-checkbox\"><span class=\"wpcf7-list-item first last\"><input type=\"checkbox\" name=\"checkbox-641\" value=\"\u2705\" \/><span class=\"wpcf7-list-item-label\">\u2705<\/span><\/span><\/span><\/span> S\u00fahlas\u00edm so spracovan\u00edm <a href=\"https:\/\/jacked.sk\/ochrana-osobnych-udajov\/\">osobn\u00fdch \u00fadajov<\/a><\/label>\n<\/p>\n<p><input class=\"wpcf7-form-control wpcf7-submit has-spinner\" type=\"submit\" value=\"Odo\u0161li\" \/>\n<\/p>\n<p><div class=\"cf7-cf-turnstile\" style=\"margin-top: 0px; margin-bottom: -15px;\"> <div id=\"cf-turnstile-cf7-927115451\" class=\"cf-turnstile\" data-sitekey=\"0x4AAAAAAASPKPFHCgnLVj7J\" data-theme=\"light\" data-language=\"auto\" data-size=\"\" data-retry=\"auto\" data-retry-interval=\"1000\" data-refresh-expired=\"auto\" data-refresh-timeout=\"auto\" data-action=\"contact-form-7\" data-callback=\"turnstileCF7Callback\" data-appearance=\"always\"><\/div> <script>document.addEventListener(\"DOMContentLoaded\", function() { setTimeout(function(){ var e=document.getElementById(\"cf-turnstile-cf7-927115451\"); if(e&&!e.innerHTML.trim()){turnstile.render(e, {sitekey:\"0x4AAAAAAASPKPFHCgnLVj7J\"});} }, 200); });<\/script> <br class=\"cf-turnstile-br cf-turnstile-br-cf7-927115451\"> <style>#cf-turnstile-cf7-927115451 { margin-left: -15px; }<\/style> <script>document.addEventListener(\"DOMContentLoaded\",function(){document.querySelectorAll('.wpcf7-form').forEach(function(e){e.addEventListener('submit',function(){if(document.getElementById('cf-turnstile-cf7-927115451')){setTimeout(function(){turnstile.reset('#cf-turnstile-cf7-927115451');},1000)}})})});<\/script> <\/div>\n<\/p>\n<style>\nspan.wpcf7-form-control-wrap.checkbox-641 {\n float: left;\n margin-right: -20px;\n}\nspan.wpcf7-list-item-label {\n display: none;\n}\n<\/style><p style=\"display: none !important;\" class=\"akismet-fields-container\" data-prefix=\"_wpcf7_ak_\"><label>&#916;<textarea name=\"_wpcf7_ak_hp_textarea\" cols=\"45\" rows=\"8\" maxlength=\"100\"><\/textarea><\/label><input type=\"hidden\" id=\"ak_js_1\" name=\"_wpcf7_ak_js\" value=\"12\"\/><script>document.getElementById( \"ak_js_1\" ).setAttribute( \"value\", ( new Date() ).getTime() );<\/script><\/p><div class=\"wpcf7-response-output\" aria-hidden=\"true\"><\/div>\n<\/form>\n<\/div>\n\n\n\t\t<\/div>\n\t\t\t\t\t<\/div>\n\n\t\n\n\n<style>\n#row-1538986857 > .col > .col-inner {\n  padding: 40px 0px 0px 0px;\n}\n<\/style>\n<\/div>\n","protected":false},"excerpt":{"rendered":"","protected":false},"author":1,"featured_media":678,"parent":0,"menu_order":0,"comment_status":"closed","ping_status":"closed","template":"page-blank.php","meta":{"footnotes":""},"class_list":["post-815","page","type-page","status-publish","has-post-thumbnail","hentry"],"yoast_head":"<!-- This site is optimized with the Yoast SEO plugin v27.4 - https:\/\/yoast.com\/product\/yoast-seo-wordpress\/ -->\n<title>Kontakt - jacked.sk - Jacked Peptides<\/title>\n<meta name=\"description\" content=\"Take advantage of our advice and feel free to contact us by email, which you can find on our website jacked.sk or via FB or Insta profiles.\" \/>\n<meta name=\"robots\" content=\"index, follow, max-snippet:-1, max-image-preview:large, max-video-preview:-1\" \/>\n<link rel=\"canonical\" href=\"https:\/\/jacked.sk\/en\/contact\/\" \/>\n<meta property=\"og:locale\" content=\"en_US\" \/>\n<meta property=\"og:type\" content=\"article\" \/>\n<meta property=\"og:title\" content=\"Kontakt - jacked.sk - Jacked Peptides\" \/>\n<meta property=\"og:description\" content=\"Take advantage of our advice and feel free to contact us by email, which you can find on our website jacked.sk or via FB or Insta profiles.\" \/>\n<meta property=\"og:url\" content=\"https:\/\/jacked.sk\/en\/contact\/\" \/>\n<meta property=\"og:site_name\" content=\"jacked.sk\" \/>\n<meta property=\"article:publisher\" content=\"https:\/\/www.facebook.com\/jacked.sk\" \/>\n<meta property=\"article:modified_time\" content=\"2026-02-12T12:51:21+00:00\" \/>\n<meta property=\"og:image\" content=\"https:\/\/jacked.sk\/wp-content\/uploads\/2016\/08\/dummy-1.jpg\" \/>\n\t<meta property=\"og:image:width\" content=\"400\" \/>\n\t<meta property=\"og:image:height\" content=\"260\" \/>\n\t<meta property=\"og:image:type\" content=\"image\/jpeg\" \/>\n<meta name=\"twitter:card\" content=\"summary_large_image\" \/>\n<script type=\"application\/ld+json\" class=\"yoast-schema-graph\">{\"@context\":\"https:\\\/\\\/schema.org\",\"@graph\":[{\"@type\":\"WebPage\",\"@id\":\"https:\\\/\\\/jacked.sk\\\/en\\\/contact\\\/\",\"url\":\"https:\\\/\\\/jacked.sk\\\/en\\\/contact\\\/\",\"name\":\"Kontakt - jacked.sk - Jacked Peptides\",\"isPartOf\":{\"@id\":\"https:\\\/\\\/jacked.sk\\\/en\\\/#website\"},\"primaryImageOfPage\":{\"@id\":\"https:\\\/\\\/jacked.sk\\\/en\\\/contact\\\/#primaryimage\"},\"image\":{\"@id\":\"https:\\\/\\\/jacked.sk\\\/en\\\/contact\\\/#primaryimage\"},\"thumbnailUrl\":\"https:\\\/\\\/jacked.sk\\\/wp-content\\\/uploads\\\/2016\\\/08\\\/dummy-1.jpg\",\"datePublished\":\"2013-08-11T19:22:53+00:00\",\"dateModified\":\"2026-02-12T12:51:21+00:00\",\"description\":\"Take advantage of our advice and feel free to contact us by email, which you can find on our website jacked.sk or via FB or Insta profiles.\",\"breadcrumb\":{\"@id\":\"https:\\\/\\\/jacked.sk\\\/en\\\/contact\\\/#breadcrumb\"},\"inLanguage\":\"en-US\",\"potentialAction\":[{\"@type\":\"ReadAction\",\"target\":[\"https:\\\/\\\/jacked.sk\\\/en\\\/contact\\\/\"]}]},{\"@type\":\"ImageObject\",\"inLanguage\":\"en-US\",\"@id\":\"https:\\\/\\\/jacked.sk\\\/en\\\/contact\\\/#primaryimage\",\"url\":\"https:\\\/\\\/jacked.sk\\\/wp-content\\\/uploads\\\/2016\\\/08\\\/dummy-1.jpg\",\"contentUrl\":\"https:\\\/\\\/jacked.sk\\\/wp-content\\\/uploads\\\/2016\\\/08\\\/dummy-1.jpg\",\"width\":400,\"height\":260},{\"@type\":\"BreadcrumbList\",\"@id\":\"https:\\\/\\\/jacked.sk\\\/en\\\/contact\\\/#breadcrumb\",\"itemListElement\":[{\"@type\":\"ListItem\",\"position\":1,\"name\":\"Domovsk\u00e1 str\u00e1nka\",\"item\":\"https:\\\/\\\/jacked.sk\\\/en\\\/\"},{\"@type\":\"ListItem\",\"position\":2,\"name\":\"Contact\"}]},{\"@type\":\"WebSite\",\"@id\":\"https:\\\/\\\/jacked.sk\\\/en\\\/#website\",\"url\":\"https:\\\/\\\/jacked.sk\\\/en\\\/\",\"name\":\"jacked.sk\",\"description\":\"Jacked Peptidy Najvy\u0161\u0161ej Kvality\",\"publisher\":{\"@id\":\"https:\\\/\\\/jacked.sk\\\/en\\\/#organization\"},\"potentialAction\":[{\"@type\":\"SearchAction\",\"target\":{\"@type\":\"EntryPoint\",\"urlTemplate\":\"https:\\\/\\\/jacked.sk\\\/en\\\/?s={search_term_string}\"},\"query-input\":{\"@type\":\"PropertyValueSpecification\",\"valueRequired\":true,\"valueName\":\"search_term_string\"}}],\"inLanguage\":\"en-US\"},{\"@type\":\"Organization\",\"@id\":\"https:\\\/\\\/jacked.sk\\\/en\\\/#organization\",\"name\":\"Jacked\",\"url\":\"https:\\\/\\\/jacked.sk\\\/en\\\/\",\"logo\":{\"@type\":\"ImageObject\",\"inLanguage\":\"en-US\",\"@id\":\"https:\\\/\\\/jacked.sk\\\/en\\\/#\\\/schema\\\/logo\\\/image\\\/\",\"url\":\"https:\\\/\\\/jacked.sk\\\/wp-content\\\/uploads\\\/Jacked.png\",\"contentUrl\":\"https:\\\/\\\/jacked.sk\\\/wp-content\\\/uploads\\\/Jacked.png\",\"width\":1481,\"height\":3523,\"caption\":\"Jacked\"},\"image\":{\"@id\":\"https:\\\/\\\/jacked.sk\\\/en\\\/#\\\/schema\\\/logo\\\/image\\\/\"},\"sameAs\":[\"https:\\\/\\\/www.facebook.com\\\/jacked.sk\"]}]}<\/script>\n<!-- \/ Yoast SEO plugin. -->","yoast_head_json":{"title":"Kontakt - jacked.sk - Jacked Peptides","description":"Take advantage of our advice and feel free to contact us by email, which you can find on our website jacked.sk or via FB or Insta profiles.","robots":{"index":"index","follow":"follow","max-snippet":"max-snippet:-1","max-image-preview":"max-image-preview:large","max-video-preview":"max-video-preview:-1"},"canonical":"https:\/\/jacked.sk\/en\/contact\/","og_locale":"en_US","og_type":"article","og_title":"Kontakt - jacked.sk - Jacked Peptides","og_description":"Take advantage of our advice and feel free to contact us by email, which you can find on our website jacked.sk or via FB or Insta profiles.","og_url":"https:\/\/jacked.sk\/en\/contact\/","og_site_name":"jacked.sk","article_publisher":"https:\/\/www.facebook.com\/jacked.sk","article_modified_time":"2026-02-12T12:51:21+00:00","og_image":[{"width":400,"height":260,"url":"https:\/\/jacked.sk\/wp-content\/uploads\/2016\/08\/dummy-1.jpg","type":"image\/jpeg"}],"twitter_card":"summary_large_image","schema":{"@context":"https:\/\/schema.org","@graph":[{"@type":"WebPage","@id":"https:\/\/jacked.sk\/en\/contact\/","url":"https:\/\/jacked.sk\/en\/contact\/","name":"Kontakt - jacked.sk - Jacked Peptides","isPartOf":{"@id":"https:\/\/jacked.sk\/en\/#website"},"primaryImageOfPage":{"@id":"https:\/\/jacked.sk\/en\/contact\/#primaryimage"},"image":{"@id":"https:\/\/jacked.sk\/en\/contact\/#primaryimage"},"thumbnailUrl":"https:\/\/jacked.sk\/wp-content\/uploads\/2016\/08\/dummy-1.jpg","datePublished":"2013-08-11T19:22:53+00:00","dateModified":"2026-02-12T12:51:21+00:00","description":"Take advantage of our advice and feel free to contact us by email, which you can find on our website jacked.sk or via FB or Insta profiles.","breadcrumb":{"@id":"https:\/\/jacked.sk\/en\/contact\/#breadcrumb"},"inLanguage":"en-US","potentialAction":[{"@type":"ReadAction","target":["https:\/\/jacked.sk\/en\/contact\/"]}]},{"@type":"ImageObject","inLanguage":"en-US","@id":"https:\/\/jacked.sk\/en\/contact\/#primaryimage","url":"https:\/\/jacked.sk\/wp-content\/uploads\/2016\/08\/dummy-1.jpg","contentUrl":"https:\/\/jacked.sk\/wp-content\/uploads\/2016\/08\/dummy-1.jpg","width":400,"height":260},{"@type":"BreadcrumbList","@id":"https:\/\/jacked.sk\/en\/contact\/#breadcrumb","itemListElement":[{"@type":"ListItem","position":1,"name":"Domovsk\u00e1 str\u00e1nka","item":"https:\/\/jacked.sk\/en\/"},{"@type":"ListItem","position":2,"name":"Contact"}]},{"@type":"WebSite","@id":"https:\/\/jacked.sk\/en\/#website","url":"https:\/\/jacked.sk\/en\/","name":"jacked.sk","description":"Jacked Peptidy Najvy\u0161\u0161ej Kvality","publisher":{"@id":"https:\/\/jacked.sk\/en\/#organization"},"potentialAction":[{"@type":"SearchAction","target":{"@type":"EntryPoint","urlTemplate":"https:\/\/jacked.sk\/en\/?s={search_term_string}"},"query-input":{"@type":"PropertyValueSpecification","valueRequired":true,"valueName":"search_term_string"}}],"inLanguage":"en-US"},{"@type":"Organization","@id":"https:\/\/jacked.sk\/en\/#organization","name":"Jacked","url":"https:\/\/jacked.sk\/en\/","logo":{"@type":"ImageObject","inLanguage":"en-US","@id":"https:\/\/jacked.sk\/en\/#\/schema\/logo\/image\/","url":"https:\/\/jacked.sk\/wp-content\/uploads\/Jacked.png","contentUrl":"https:\/\/jacked.sk\/wp-content\/uploads\/Jacked.png","width":1481,"height":3523,"caption":"Jacked"},"image":{"@id":"https:\/\/jacked.sk\/en\/#\/schema\/logo\/image\/"},"sameAs":["https:\/\/www.facebook.com\/jacked.sk"]}]}},"_links":{"self":[{"href":"https:\/\/jacked.sk\/en\/wp-json\/wp\/v2\/pages\/815","targetHints":{"allow":["GET"]}}],"collection":[{"href":"https:\/\/jacked.sk\/en\/wp-json\/wp\/v2\/pages"}],"about":[{"href":"https:\/\/jacked.sk\/en\/wp-json\/wp\/v2\/types\/page"}],"author":[{"embeddable":true,"href":"https:\/\/jacked.sk\/en\/wp-json\/wp\/v2\/users\/1"}],"replies":[{"embeddable":true,"href":"https:\/\/jacked.sk\/en\/wp-json\/wp\/v2\/comments?post=815"}],"version-history":[{"count":0,"href":"https:\/\/jacked.sk\/en\/wp-json\/wp\/v2\/pages\/815\/revisions"}],"wp:featuredmedia":[{"embeddable":true,"href":"https:\/\/jacked.sk\/en\/wp-json\/wp\/v2\/media\/678"}],"wp:attachment":[{"href":"https:\/\/jacked.sk\/en\/wp-json\/wp\/v2\/media?parent=815"}],"curies":[{"name":"wp","href":"https:\/\/api.w.org\/{rel}","templated":true}]}}